{"id":7233,"date":"2025-03-05T17:05:45","date_gmt":"2025-03-05T17:05:45","guid":{"rendered":"https:\/\/divercol.pt\/wp\/?page_id=7233"},"modified":"2025-08-22T09:59:48","modified_gmt":"2025-08-22T09:59:48","slug":"produtos-divercol","status":"publish","type":"page","link":"https:\/\/divercol.pt\/wp\/produtos-divercol\/","title":{"rendered":"Produtos Divercol"},"content":{"rendered":"\t\t<div data-elementor-type=\"wp-page\" data-elementor-id=\"7233\" class=\"elementor elementor-7233\">\n\t\t\t\t\t\t<section class=\"elementor-section elementor-top-section elementor-element elementor-element-9904cc0 elementor-section-height-min-height elementor-section-content-top elementor-section-full_width elementor-section-height-default elementor-section-items-middle\" data-id=\"9904cc0\" data-element_type=\"section\" data-settings=\"{&quot;background_background&quot;:&quot;slideshow&quot;,&quot;background_slideshow_gallery&quot;:[{&quot;id&quot;:7075,&quot;url&quot;:&quot;https:\\\/\\\/divercol.pt\\\/wp\\\/wp-content\\\/uploads\\\/2024\\\/06\\\/construcoes_armando_barros-1.gif&quot;},{&quot;id&quot;:6179,&quot;url&quot;:&quot;https:\\\/\\\/divercol.pt\\\/wp\\\/wp-content\\\/uploads\\\/2021\\\/09\\\/btn_mobiliario.jpg&quot;}],&quot;background_slideshow_loop&quot;:&quot;yes&quot;,&quot;background_slideshow_slide_duration&quot;:5000,&quot;background_slideshow_slide_transition&quot;:&quot;fade&quot;,&quot;background_slideshow_transition_duration&quot;:500}\">\n\t\t\t\t\t\t\t<div class=\"elementor-background-overlay\"><\/div>\n\t\t\t\t\t\t\t<div class=\"elementor-container elementor-column-gap-default\">\n\t\t\t\t\t<nav class=\"elementor-column elementor-col-100 elementor-top-column elementor-element elementor-element-cc10466\" data-id=\"cc10466\" data-element_type=\"column\">\n\t\t\t<div class=\"elementor-widget-wrap elementor-element-populated\">\n\t\t\t\t\t\t<div class=\"elementor-element elementor-element-6b97110 elementor-widget elementor-widget-heading\" data-id=\"6b97110\" data-element_type=\"widget\" data-widget_type=\"heading.default\">\n\t\t\t\t<div class=\"elementor-widget-container\">\n\t\t\t\t\t<h2 class=\"elementor-heading-title elementor-size-default\">Pesquisa de Produtos<\/h2>\t\t\t\t<\/div>\n\t\t\t\t<\/div>\n\t\t\t\t<div class=\"elementor-element elementor-element-c5236b6 elementor-widget__width-initial elementor-widget elementor-widget-shortcode\" data-id=\"c5236b6\" data-element_type=\"widget\" data-widget_type=\"shortcode.default\">\n\t\t\t\t<div class=\"elementor-widget-container\">\n\t\t\t\t\t\t\t<div class=\"elementor-shortcode\">\n\n\t\n\t\n\n\t<div class=\"col-md-6 well\">\n\t\t\n\t\t<hr style=\"border-top:1px dotted #ccc;\"\/>\n\t\t\n\t\t<div class=\"col-md-8\">\n\t\t\t<div class=\"form-group\">\n\t\t\t\t<form action=\"\" method=\"POST\">\n\t\t\t\t\t\n\t\t\t\t\t<div class=\"auto-widget\">\n\t\t\t\t\t\t<input class=\"form-control\" id=\"search\" type=\"text\" name=\"produto\" placeholder=\"Pesquisar\"\/>\n\t\t\t\t\t<\/div>\n\t\t\t\t<\/form>\n\t\t\t<\/div>\n\t\t<\/div>\n\t<\/div>\n<script src=\"..\/..\/prd\/pesq\/js\/jquery-3.2.1.min.js\"><\/script>\n<script src=\"..\/..\/prd\/pesq\/js\/jquery-ui.js\"><\/script>\n<script type=\"text\/javascript\">\n\t$(\"#search\").autocomplete({\n    source: \"..\/..\/prd\/pesq\/search.php\",\n    select: function(event, ui) {\n        window.location.href = ui.item.url; \/\/ redireciona para a p\u00e1gina do produto\n\t\t }\n});\n\t\n\t\n\t\n\t\n<\/script>\n<\/div>\n\t\t\t\t\t\t<\/div>\n\t\t\t\t<\/div>\n\t\t\t\t\t<\/div>\n\t\t<\/nav>\n\t\t\t\t\t<\/div>\n\t\t<\/section>\n\t\t\t\t<section class=\"elementor-section elementor-top-section elementor-element elementor-element-880489a elementor-section-boxed elementor-section-height-default elementor-section-height-default\" data-id=\"880489a\" data-element_type=\"section\">\n\t\t\t\t\t\t<div class=\"elementor-container elementor-column-gap-default\">\n\t\t\t\t\t<div class=\"elementor-column elementor-col-100 elementor-top-column elementor-element elementor-element-bc6f687\" data-id=\"bc6f687\" data-element_type=\"column\">\n\t\t\t<div class=\"elementor-widget-wrap elementor-element-populated\">\n\t\t\t\t\t\t<div class=\"elementor-element elementor-element-aa78b13 elementor-widget elementor-widget-shortcode\" data-id=\"aa78b13\" data-element_type=\"widget\" data-widget_type=\"shortcode.default\">\n\t\t\t\t<div class=\"elementor-widget-container\">\n\t\t\t\t\t\t\t<div class=\"elementor-shortcode\">\n\n\n<!doctype html>\n<html lang=\"pt\">\n<head>\n    <meta charset=\"utf-8\">\n    <meta http-equiv=\"X-UA-Compatible\" content=\"IE=edge\">\n    <meta name=\"viewport\" content=\"width=device-width, initial-scale=1\">\n    <link rel=\"icon\" href=\"img\/fav-icon.png\" type=\"image\/x-icon\" \/>\n    <title>Divercol<\/title>\n\n    <!-- CSS Links -->\n    <link href=\"..\/prd\/css\/font-awesome.min.css\" rel=\"stylesheet\">\n    <link href=\"..\/prd\/vendors\/line-icon\/css\/simple-line-icons.css\" rel=\"stylesheet\">\n    <link href=\"..\/prd\/vendors\/elegant-icon\/style.css\" rel=\"stylesheet\">\n    <link href=\"..\/prd\/css\/bootstrap.min.css\" rel=\"stylesheet\">\n    <link href=\"..\/prd\/vendors\/owl-carousel\/owl.carousel.min.css\" rel=\"stylesheet\">\n    <link href=\"..\/prd\/vendors\/bootstrap-selector\/css\/bootstrap-select.min.css\" rel=\"stylesheet\">\n    <link href=\"..\/prd\/vendors\/jquery-ui\/jquery-ui.css\" rel=\"stylesheet\">\n    <link href=\"..\/prd\/css\/style_diver.css\" rel=\"stylesheet\">\n    <link href=\"..\/prd\/css\/responsive_diver.css\" rel=\"stylesheet\">\n<\/head>\n<body>\n\n\n\t\n\t<section class=\"categories_product_main p_80\">\n            <div class=\"container\">\n                <div class=\"categories_main_inner\">\n                    <div class=\"row row_disable\">\n                        <div class=\"col-lg-9 float-md-right\">\n                          \n\t\t\t\t\t\t\t\n\t\t\t\t\t\t\t\n\t\t\t\t\t\t\t\n\t\t\t\t\t\t\t\n\t\t\t\t\t\t\t\t\t\t\t\t\t\t\n\t\t\t\t\t\t\t\n                            <div class=\"c_product_grid_details\">\n                                <br \/>\n<b>Warning<\/b>:  Undefined array key \"pag\" in <b>\/var\/www\/vhosts\/divercol.pt\/httpdocs\/produtos\/pagina_produtos2025.php<\/b> on line <b>70<\/b><br \/>\n<p>Selecione uma op\u00e7\u00e3o.<\/p>                                \n                                \n                                \n                               \n                            <\/div>\n                        <\/div>\n                        <div class=\"col-lg-3 float-md-right\">\n                            <div class=\"categories_sidebar\">\n                                <aside class=\"l_widgest l_p_categories_widget\">\n                                    <div class=\"l_w_title\">\n                                                                            <\/div>\n                                    <ul class=\"navbar-nav\">\n                                                                               \n                                    <\/ul>\n\t\t\t\t\t\t\t\t\t\n\t\t\t\t\t\t\t\t\t\n\t\t\t\t\t\t\t\t\t <aside class=\"l_widgest l_menufacture_widget\">\n                                    <div class=\"l_w_title\">\n                                        <h3>Tamb\u00e9m lhe pode interessar...<\/h3>\n                                    <\/div>\n                                    <ul>\n                               \n                                \n                               \n    \n    <li class=\"nav-item\">\n                                            <a class=\"nav-link\" href=\"https:\/\/divercol.pt\/wp\/produtos-divercol\/?pag=detp&cat=fachadas_telhados&sm=tintas_lisas_fachadas_telhados  \">Fachadas \/ Telhados \n                                               \n                                            <\/a>\n                                        <\/li>\n\n                                \n \n    \n    <li class=\"nav-item\">\n                                            <a class=\"nav-link\" href=\"https:\/\/divercol.pt\/wp\/produtos-divercol\/?pag=detp&cat=sistema_etics&sm=sistema_etics  \">Sistema ETICS \n                                               \n                                            <\/a>\n                                        <\/li>\n\n                                \n \n    \n    <li class=\"nav-item\">\n                                            <a class=\"nav-link\" href=\"https:\/\/divercol.pt\/wp\/produtos-divercol\/?pag=detp&cat=paredes_interiores&sm=tintas_lisas_paredes_interiores  \">Paredes Interiores \n                                               \n                                            <\/a>\n                                        <\/li>\n\n                                \n \n    \n    <li class=\"nav-item\">\n                                            <a class=\"nav-link\" href=\"https:\/\/divercol.pt\/wp\/produtos-divercol\/?pag=detp&cat=tintas_funcionais&sm=pavimentos_tintas_funcionais  \">Tintas Funcionais \n                                               \n                                            <\/a>\n                                        <\/li>\n\n                                \n \n    \n    <li class=\"nav-item\">\n                                            <a class=\"nav-link\" href=\"https:\/\/divercol.pt\/wp\/produtos-divercol\/?pag=detp&cat=gama_profissional&sm=tintas_profissionais_gama  \">Gama Profissional \n                                               \n                                            <\/a>\n                                        <\/li>\n\n                                \n \n    \n    <li class=\"nav-item\">\n                                            <a class=\"nav-link\" href=\"https:\/\/divercol.pt\/wp\/produtos-divercol\/?pag=detp&cat=primarios_isolantes&sm=aquosos_primarios_isolantes  \">Prim\u00e1rios \/ Isolantes \n                                               \n                                            <\/a>\n                                        <\/li>\n\n                                \n \n    \n    <li class=\"nav-item\">\n                                            <a class=\"nav-link\" href=\"https:\/\/divercol.pt\/wp\/produtos-divercol\/?pag=detp&cat=impermeabilizacao&sm=impermeabilizacao  \">Impermeabiliza\u00e7\u00e3o \n                                               \n                                            <\/a>\n                                        <\/li>\n\n                                \n \n    \n    <li class=\"nav-item\">\n                                            <a class=\"nav-link\" href=\"https:\/\/divercol.pt\/wp\/produtos-divercol\/?pag=detp&cat=primarios_madeira_metais&sm=metais_primarios_madeira_metais  \">Prim\u00e1rios Madeira\/Metal \n                                               \n                                            <\/a>\n                                        <\/li>\n\n                                \n \n    \n    <li class=\"nav-item\">\n                                            <a class=\"nav-link\" href=\"https:\/\/divercol.pt\/wp\/produtos-divercol\/?pag=detp&cat=acabamento_madeira_metal&sm=esmalte_sintetico_acabamento_madeira_metal  \">Acabamento Madeira\/Metal \n                                               \n                                            <\/a>\n                                        <\/li>\n\n                                \n \n    \n    <li class=\"nav-item\">\n                                            <a class=\"nav-link\" href=\"https:\/\/divercol.pt\/wp\/produtos-divercol\/?pag=detp&cat=produtos_aquosos_madeiras&sm=tapa_poros_produtos_aquosos_madeiras  \">Aquosos para Madeiras \n                                               \n                                            <\/a>\n                                        <\/li>\n\n                                \n \n    \n    <li class=\"nav-item\">\n                                            <a class=\"nav-link\" href=\"https:\/\/divercol.pt\/wp\/produtos-divercol\/?pag=detp&cat=solventes_madeiras&sm=diverdec_solventes_madeiras  \">Solventes para Madeiras \n                                               \n                                            <\/a>\n                                        <\/li>\n\n                                \n \n    \n    <li class=\"nav-item\">\n                                            <a class=\"nav-link\" href=\"https:\/\/divercol.pt\/wp\/produtos-divercol\/?pag=detp&cat=solventes_mobiliario&sm=vernizes_solventes_mobiliario  \">Solventes para Mobili\u00e1rio \n                                               \n                                            <\/a>\n                                        <\/li>\n\n                                \n \n    \n    <li class=\"nav-item\">\n                                            <a class=\"nav-link\" href=\"https:\/\/divercol.pt\/wp\/produtos-divercol\/?pag=detp&cat=diluentes&sm=diluentes  \">Diluentes \n                                               \n                                            <\/a>\n                                        <\/li>\n\n                                \n \n    \n    <li class=\"nav-item\">\n                                            <a class=\"nav-link\" href=\"https:\/\/divercol.pt\/wp\/produtos-divercol\/?pag=detp&cat=primarios_anticorrosivos&sm=primarios_anticorrosivos  \">Prim\u00e1rios Anticorrosivos \n                                               \n                                            <\/a>\n                                        <\/li>\n\n                                \n \n    \n    <li class=\"nav-item\">\n                                            <a class=\"nav-link\" href=\"https:\/\/divercol.pt\/wp\/produtos-divercol\/?pag=detp&cat=esmaltes_dankal&sm=esmaltes_dankal  \">Esmaltes DANKAL  \n                                               \n                                            <\/a>\n                                        <\/li>\n\n                                \n \n    \n    <li class=\"nav-item\">\n                                            <a class=\"nav-link\" href=\"https:\/\/divercol.pt\/wp\/produtos-divercol\/?pag=detp&cat=bricolagem&sm=diversos_tin  \">Bricolagem \n                                               \n                                            <\/a>\n                                        <\/li>\n\n                                \n \n    \n    <li class=\"nav-item\">\n                                            <a class=\"nav-link\" href=\"https:\/\/divercol.pt\/wp\/produtos-divercol\/?pag=detp&cat=diversos&sm=diversos  \">Diversos \n                                               \n                                            <\/a>\n                                        <\/li>\n\n                                \n \n    \n    <li class=\"nav-item\">\n                                            <a class=\"nav-link\" href=\"https:\/\/divercol.pt\/wp\/produtos-divercol\/?pag=detp&cat=conforto&sm=equipamentos  \">Conforto \n                                               \n                                            <\/a>\n                                        <\/li>\n\n                                \n                                 \n                            <\/ul>\n                                <\/aside>\n                                <\/aside>\n                                \n                                \n                                <aside class=\"l_widgest l_menufacture_widget\">\n                                    <div class=\"l_w_title\">\n                                        <h3>Boas Pr\u00e1ticas...<\/h3>\n                                    <\/div>\n                                    <ul>\n                               \n                                \n                               \n    \n    <li class=\"nav-item\">\n                                        <a class=\"nav-link\" href=\"https:\/\/divercol.pt\/produtos\/FolhetodeboasPraticas.pdf\"><img fetchpriority=\"high\" decoding=\"async\" src=\"..\/..\/produtos\/FolhetodeBoasPr\u00e1ticas.jpg\" width=\"255\" height=\"234\" alt=\"Boas Pr\u00e1ticas de uso da Tinta\"\/> <\/li> <\/a>\n\n                                \n \n                                \n                            <\/ul>\n                                <\/aside>\n                                \n                            <\/div>\n                        <\/div>\n                    <\/div>\n                <\/div>\n            <\/div>\n        <\/section>\n\t\n\t\n\t\n<!-- jQuery (necessary for Bootstrap's JavaScript plugins) -->\n        <script src=\"..\/prd\/js\/jquery-3.2.1.min.js\"><\/script>\n        <!-- Include all compiled plugins (below), or include individual files as needed -->\n        <script src=\"..\/prd\/js\/popper.min.js\"><\/script>\n        <script src=\"..\/prd\/js\/bootstrap.min.js\"><\/script>\n        <!-- Rev slider js -->\n        <script src=\"..\/prd\/vendors\/revolution\/js\/jquery.themepunch.tools.min.js\"><\/script>\n        <script src=\"..\/prd\/vendors\/revolution\/js\/jquery.themepunch.revolution.min.js\"><\/script>\n        <script src=\"..\/prd\/vendors\/revolution\/js\/extensions\/revolution.extension.actions.min.js\"><\/script>\n        <script src=\"..\/prd\/vendors\/revolution\/js\/extensions\/revolution.extension.video.min.js\"><\/script>\n        <script src=\"..\/prd\/vendors\/revolution\/js\/extensions\/revolution.extension.slideanims.min.js\"><\/script>\n        <script src=\"..\/prd\/vendors\/revolution\/js\/extensions\/revolution.extension.layeranimation.min.js\"><\/script>\n        <script src=\"..\/prd\/vendors\/revolution\/js\/extensions\/revolution.extension.navigation.min.js\"><\/script>\n        <script src=\"..\/prd\/vendors\/revolution\/js\/extensions\/revolution.extension.slideanims.min.js\"><\/script>\n        <!-- Extra plugin css -->\n       \n       \n    \n<\/body>\n<\/html>\n<\/div>\n\t\t\t\t\t\t<\/div>\n\t\t\t\t<\/div>\n\t\t\t\t<div class=\"elementor-element elementor-element-8a8a233 elementor-widget elementor-widget-spacer\" data-id=\"8a8a233\" data-element_type=\"widget\" data-widget_type=\"spacer.default\">\n\t\t\t\t<div class=\"elementor-widget-container\">\n\t\t\t\t\t\t\t<div class=\"elementor-spacer\">\n\t\t\t<div class=\"elementor-spacer-inner\"><\/div>\n\t\t<\/div>\n\t\t\t\t\t\t<\/div>\n\t\t\t\t<\/div>\n\t\t\t\t\t<\/div>\n\t\t<\/div>\n\t\t\t\t\t<\/div>\n\t\t<\/section>\n\t\t\t\t<\/div>\n\t\t","protected":false},"excerpt":{"rendered":"<p>Pesquisa de Produtos<\/p>\n","protected":false},"author":1,"featured_media":0,"parent":0,"menu_order":0,"comment_status":"closed","ping_status":"closed","template":"","meta":{"ngg_post_thumbnail":0,"footnotes":""},"class_list":["post-7233","page","type-page","status-publish"],"yoast_head":"<!-- This site is optimized with the Yoast SEO plugin v20.10 - https:\/\/yoast.com\/wordpress\/plugins\/seo\/ -->\n<title>Produtos Divercol - Garantia de qualidade<\/title>\n<meta name=\"description\" content=\"Confira aqui os certificados Divercol, nomeadamente, a certifica\u00e7\u00e3o PME L\u00edder e os certificados de qualidade APCER e IQNet.\" \/>\n<meta name=\"robots\" content=\"index, follow, max-snippet:-1, max-image-preview:large, max-video-preview:-1\" \/>\n<link rel=\"canonical\" href=\"https:\/\/divercol.pt\/wp\/produtos-divercol\/\" \/>\n<meta property=\"og:locale\" content=\"pt_PT\" \/>\n<meta property=\"og:type\" content=\"article\" \/>\n<meta property=\"og:title\" content=\"Produtos Divercol - Garantia de qualidade\" \/>\n<meta property=\"og:description\" content=\"Confira aqui os certificados Divercol, nomeadamente, a certifica\u00e7\u00e3o PME L\u00edder e os certificados de qualidade APCER e IQNet.\" \/>\n<meta property=\"og:url\" content=\"https:\/\/divercol.pt\/wp\/produtos-divercol\/\" \/>\n<meta property=\"og:site_name\" content=\"Divercol\" \/>\n<meta property=\"article:publisher\" content=\"https:\/\/www.facebook.com\/divercol\" \/>\n<meta property=\"article:modified_time\" content=\"2025-08-22T09:59:48+00:00\" \/>\n<meta property=\"og:image\" content=\"https:\/\/divercol.pt\/wp\/wp-content\/uploads\/2021\/08\/Logo-DIVERCOL.png\" \/>\n\t<meta property=\"og:image:width\" content=\"200\" \/>\n\t<meta property=\"og:image:height\" content=\"200\" \/>\n\t<meta property=\"og:image:type\" content=\"image\/png\" \/>\n<meta name=\"twitter:card\" content=\"summary_large_image\" \/>\n<meta name=\"twitter:label1\" content=\"Tempo estimado de leitura\" \/>\n\t<meta name=\"twitter:data1\" content=\"1 minuto\" \/>\n<script type=\"application\/ld+json\" class=\"yoast-schema-graph\">{\"@context\":\"https:\/\/schema.org\",\"@graph\":[{\"@type\":\"WebPage\",\"@id\":\"https:\/\/divercol.pt\/wp\/produtos-divercol\/\",\"url\":\"https:\/\/divercol.pt\/wp\/produtos-divercol\/\",\"name\":\"Produtos Divercol - Garantia de qualidade\",\"isPartOf\":{\"@id\":\"https:\/\/divercol.pt\/wp\/#website\"},\"datePublished\":\"2025-03-05T17:05:45+00:00\",\"dateModified\":\"2025-08-22T09:59:48+00:00\",\"description\":\"Confira aqui os certificados Divercol, nomeadamente, a certifica\u00e7\u00e3o PME L\u00edder e os certificados de qualidade APCER e IQNet.\",\"breadcrumb\":{\"@id\":\"https:\/\/divercol.pt\/wp\/produtos-divercol\/#breadcrumb\"},\"inLanguage\":\"pt-PT\",\"potentialAction\":[{\"@type\":\"ReadAction\",\"target\":[\"https:\/\/divercol.pt\/wp\/produtos-divercol\/\"]}]},{\"@type\":\"BreadcrumbList\",\"@id\":\"https:\/\/divercol.pt\/wp\/produtos-divercol\/#breadcrumb\",\"itemListElement\":[{\"@type\":\"ListItem\",\"position\":1,\"name\":\"In\u00edcio\",\"item\":\"https:\/\/divercol.pt\/wp\/\"},{\"@type\":\"ListItem\",\"position\":2,\"name\":\"Produtos Divercol\"}]},{\"@type\":\"WebSite\",\"@id\":\"https:\/\/divercol.pt\/wp\/#website\",\"url\":\"https:\/\/divercol.pt\/wp\/\",\"name\":\"Tintas\",\"description\":\"Tintas e Vernizes\",\"publisher\":{\"@id\":\"https:\/\/divercol.pt\/wp\/#organization\"},\"potentialAction\":[{\"@type\":\"SearchAction\",\"target\":{\"@type\":\"EntryPoint\",\"urlTemplate\":\"https:\/\/divercol.pt\/wp\/?s={search_term_string}\"},\"query-input\":\"required name=search_term_string\"}],\"inLanguage\":\"pt-PT\"},{\"@type\":\"Organization\",\"@id\":\"https:\/\/divercol.pt\/wp\/#organization\",\"name\":\"Divercol\",\"url\":\"https:\/\/divercol.pt\/wp\/\",\"logo\":{\"@type\":\"ImageObject\",\"inLanguage\":\"pt-PT\",\"@id\":\"https:\/\/divercol.pt\/wp\/#\/schema\/logo\/image\/\",\"url\":\"https:\/\/divercol.pt\/wp\/wp-content\/uploads\/2021\/07\/logo_divercol_site-e1627577593720.png\",\"contentUrl\":\"https:\/\/divercol.pt\/wp\/wp-content\/uploads\/2021\/07\/logo_divercol_site-e1627577593720.png\",\"width\":300,\"height\":73,\"caption\":\"Divercol\"},\"image\":{\"@id\":\"https:\/\/divercol.pt\/wp\/#\/schema\/logo\/image\/\"},\"sameAs\":[\"https:\/\/www.facebook.com\/divercol\",\"https:\/\/www.youtube.com\/user\/DivercolTintas\"]}]}<\/script>\n<!-- \/ Yoast SEO plugin. -->","yoast_head_json":{"title":"Produtos Divercol - Garantia de qualidade","description":"Confira aqui os certificados Divercol, nomeadamente, a certifica\u00e7\u00e3o PME L\u00edder e os certificados de qualidade APCER e IQNet.","robots":{"index":"index","follow":"follow","max-snippet":"max-snippet:-1","max-image-preview":"max-image-preview:large","max-video-preview":"max-video-preview:-1"},"canonical":"https:\/\/divercol.pt\/wp\/produtos-divercol\/","og_locale":"pt_PT","og_type":"article","og_title":"Produtos Divercol - Garantia de qualidade","og_description":"Confira aqui os certificados Divercol, nomeadamente, a certifica\u00e7\u00e3o PME L\u00edder e os certificados de qualidade APCER e IQNet.","og_url":"https:\/\/divercol.pt\/wp\/produtos-divercol\/","og_site_name":"Divercol","article_publisher":"https:\/\/www.facebook.com\/divercol","article_modified_time":"2025-08-22T09:59:48+00:00","og_image":[{"width":200,"height":200,"url":"https:\/\/divercol.pt\/wp\/wp-content\/uploads\/2021\/08\/Logo-DIVERCOL.png","type":"image\/png"}],"twitter_card":"summary_large_image","twitter_misc":{"Tempo estimado de leitura":"1 minuto"},"schema":{"@context":"https:\/\/schema.org","@graph":[{"@type":"WebPage","@id":"https:\/\/divercol.pt\/wp\/produtos-divercol\/","url":"https:\/\/divercol.pt\/wp\/produtos-divercol\/","name":"Produtos Divercol - Garantia de qualidade","isPartOf":{"@id":"https:\/\/divercol.pt\/wp\/#website"},"datePublished":"2025-03-05T17:05:45+00:00","dateModified":"2025-08-22T09:59:48+00:00","description":"Confira aqui os certificados Divercol, nomeadamente, a certifica\u00e7\u00e3o PME L\u00edder e os certificados de qualidade APCER e IQNet.","breadcrumb":{"@id":"https:\/\/divercol.pt\/wp\/produtos-divercol\/#breadcrumb"},"inLanguage":"pt-PT","potentialAction":[{"@type":"ReadAction","target":["https:\/\/divercol.pt\/wp\/produtos-divercol\/"]}]},{"@type":"BreadcrumbList","@id":"https:\/\/divercol.pt\/wp\/produtos-divercol\/#breadcrumb","itemListElement":[{"@type":"ListItem","position":1,"name":"In\u00edcio","item":"https:\/\/divercol.pt\/wp\/"},{"@type":"ListItem","position":2,"name":"Produtos Divercol"}]},{"@type":"WebSite","@id":"https:\/\/divercol.pt\/wp\/#website","url":"https:\/\/divercol.pt\/wp\/","name":"Tintas","description":"Tintas e Vernizes","publisher":{"@id":"https:\/\/divercol.pt\/wp\/#organization"},"potentialAction":[{"@type":"SearchAction","target":{"@type":"EntryPoint","urlTemplate":"https:\/\/divercol.pt\/wp\/?s={search_term_string}"},"query-input":"required name=search_term_string"}],"inLanguage":"pt-PT"},{"@type":"Organization","@id":"https:\/\/divercol.pt\/wp\/#organization","name":"Divercol","url":"https:\/\/divercol.pt\/wp\/","logo":{"@type":"ImageObject","inLanguage":"pt-PT","@id":"https:\/\/divercol.pt\/wp\/#\/schema\/logo\/image\/","url":"https:\/\/divercol.pt\/wp\/wp-content\/uploads\/2021\/07\/logo_divercol_site-e1627577593720.png","contentUrl":"https:\/\/divercol.pt\/wp\/wp-content\/uploads\/2021\/07\/logo_divercol_site-e1627577593720.png","width":300,"height":73,"caption":"Divercol"},"image":{"@id":"https:\/\/divercol.pt\/wp\/#\/schema\/logo\/image\/"},"sameAs":["https:\/\/www.facebook.com\/divercol","https:\/\/www.youtube.com\/user\/DivercolTintas"]}]}},"_links":{"self":[{"href":"https:\/\/divercol.pt\/wp\/wp-json\/wp\/v2\/pages\/7233","targetHints":{"allow":["GET"]}}],"collection":[{"href":"https:\/\/divercol.pt\/wp\/wp-json\/wp\/v2\/pages"}],"about":[{"href":"https:\/\/divercol.pt\/wp\/wp-json\/wp\/v2\/types\/page"}],"author":[{"embeddable":true,"href":"https:\/\/divercol.pt\/wp\/wp-json\/wp\/v2\/users\/1"}],"replies":[{"embeddable":true,"href":"https:\/\/divercol.pt\/wp\/wp-json\/wp\/v2\/comments?post=7233"}],"version-history":[{"count":88,"href":"https:\/\/divercol.pt\/wp\/wp-json\/wp\/v2\/pages\/7233\/revisions"}],"predecessor-version":[{"id":7482,"href":"https:\/\/divercol.pt\/wp\/wp-json\/wp\/v2\/pages\/7233\/revisions\/7482"}],"wp:attachment":[{"href":"https:\/\/divercol.pt\/wp\/wp-json\/wp\/v2\/media?parent=7233"}],"curies":[{"name":"wp","href":"https:\/\/api.w.org\/{rel}","templated":true}]}}