{"id":7344,"date":"2025-08-20T11:16:01","date_gmt":"2025-08-20T11:16:01","guid":{"rendered":"https:\/\/divercol.pt\/wp\/?page_id=7344"},"modified":"2025-08-22T10:01:10","modified_gmt":"2025-08-22T10:01:10","slug":"pesquisa-de-produtos","status":"publish","type":"page","link":"https:\/\/divercol.pt\/wp\/pesquisa-de-produtos\/","title":{"rendered":"Pesquisa de produtos"},"content":{"rendered":"\t\t<div data-elementor-type=\"wp-page\" data-elementor-id=\"7344\" class=\"elementor elementor-7344\">\n\t\t\t\t\t\t<section class=\"elementor-section elementor-top-section elementor-element elementor-element-9904cc0 elementor-section-height-min-height elementor-section-content-top elementor-section-boxed elementor-section-height-default elementor-section-items-middle\" data-id=\"9904cc0\" data-element_type=\"section\" data-settings=\"{&quot;background_background&quot;:&quot;slideshow&quot;,&quot;background_slideshow_gallery&quot;:[{&quot;id&quot;:7075,&quot;url&quot;:&quot;https:\\\/\\\/divercol.pt\\\/wp\\\/wp-content\\\/uploads\\\/2024\\\/06\\\/construcoes_armando_barros-1.gif&quot;},{&quot;id&quot;:6179,&quot;url&quot;:&quot;https:\\\/\\\/divercol.pt\\\/wp\\\/wp-content\\\/uploads\\\/2021\\\/09\\\/btn_mobiliario.jpg&quot;}],&quot;background_slideshow_loop&quot;:&quot;yes&quot;,&quot;background_slideshow_slide_duration&quot;:5000,&quot;background_slideshow_slide_transition&quot;:&quot;fade&quot;,&quot;background_slideshow_transition_duration&quot;:500}\">\n\t\t\t\t\t\t\t<div class=\"elementor-background-overlay\"><\/div>\n\t\t\t\t\t\t\t<div class=\"elementor-container elementor-column-gap-default\">\n\t\t\t\t\t<div class=\"elementor-column elementor-col-100 elementor-top-column elementor-element elementor-element-cc10466\" data-id=\"cc10466\" data-element_type=\"column\">\n\t\t\t<div class=\"elementor-widget-wrap elementor-element-populated\">\n\t\t\t\t\t\t<div class=\"elementor-element elementor-element-b0ea580 elementor-widget elementor-widget-heading\" data-id=\"b0ea580\" data-element_type=\"widget\" data-widget_type=\"heading.default\">\n\t\t\t\t<div class=\"elementor-widget-container\">\n\t\t\t\t\t<h2 class=\"elementor-heading-title elementor-size-default\">Pesquisa de Produtos<\/h2>\t\t\t\t<\/div>\n\t\t\t\t<\/div>\n\t\t\t\t<div class=\"elementor-element elementor-element-c5236b6 elementor-widget__width-inherit elementor-widget elementor-widget-shortcode\" data-id=\"c5236b6\" data-element_type=\"widget\" data-widget_type=\"shortcode.default\">\n\t\t\t\t<div class=\"elementor-widget-container\">\n\t\t\t\t\t\t\t<div class=\"elementor-shortcode\">\n\n\t\n\t\n\n\t<div class=\"col-md-6 well\">\n\t\t\n\t\t<hr style=\"border-top:1px dotted #ccc;\"\/>\n\t\t\n\t\t<div class=\"col-md-8\">\n\t\t\t<div class=\"form-group\">\n\t\t\t\t<form action=\"\" method=\"POST\">\n\t\t\t\t\t\n\t\t\t\t\t<div class=\"auto-widget\">\n\t\t\t\t\t\t<input class=\"form-control\" id=\"search\" type=\"text\" name=\"produto\" placeholder=\"Pesquisar\"\/>\n\t\t\t\t\t<\/div>\n\t\t\t\t<\/form>\n\t\t\t<\/div>\n\t\t<\/div>\n\t<\/div>\n<script src=\"..\/..\/prd\/pesq\/js\/jquery-3.2.1.min.js\"><\/script>\n<script src=\"..\/..\/prd\/pesq\/js\/jquery-ui.js\"><\/script>\n<script type=\"text\/javascript\">\n\t$(\"#search\").autocomplete({\n    source: \"..\/..\/prd\/pesq\/search.php\",\n    select: function(event, ui) {\n        window.location.href = ui.item.url; \/\/ redireciona para a p\u00e1gina do produto\n\t\t }\n});\n\t\n\t\n\t\n\t\n<\/script>\n<\/div>\n\t\t\t\t\t\t<\/div>\n\t\t\t\t<\/div>\n\t\t\t\t\t<\/div>\n\t\t<\/div>\n\t\t\t\t\t<\/div>\n\t\t<\/section>\n\t\t\t\t<section class=\"elementor-section elementor-top-section elementor-element elementor-element-d3f2f6e elementor-section-boxed elementor-section-height-default elementor-section-height-default\" data-id=\"d3f2f6e\" data-element_type=\"section\">\n\t\t\t\t\t\t<div class=\"elementor-container elementor-column-gap-default\">\n\t\t\t\t\t<div class=\"elementor-column elementor-col-100 elementor-top-column elementor-element elementor-element-86a7fba\" data-id=\"86a7fba\" data-element_type=\"column\">\n\t\t\t<div class=\"elementor-widget-wrap elementor-element-populated\">\n\t\t\t\t\t\t<div class=\"elementor-element elementor-element-826fb1a elementor-widget elementor-widget-spacer\" data-id=\"826fb1a\" data-element_type=\"widget\" data-widget_type=\"spacer.default\">\n\t\t\t\t<div class=\"elementor-widget-container\">\n\t\t\t\t\t\t\t<div class=\"elementor-spacer\">\n\t\t\t<div class=\"elementor-spacer-inner\"><\/div>\n\t\t<\/div>\n\t\t\t\t\t\t<\/div>\n\t\t\t\t<\/div>\n\t\t\t\t\t<\/div>\n\t\t<\/div>\n\t\t\t\t\t<\/div>\n\t\t<\/section>\n\t\t\t\t<\/div>\n\t\t","protected":false},"excerpt":{"rendered":"<p>Pesquisa de Produtos<\/p>\n","protected":false},"author":1,"featured_media":0,"parent":0,"menu_order":0,"comment_status":"closed","ping_status":"closed","template":"","meta":{"ngg_post_thumbnail":0,"footnotes":""},"class_list":["post-7344","page","type-page","status-publish"],"yoast_head":"<!-- This site is optimized with the Yoast SEO plugin v20.10 - https:\/\/yoast.com\/wordpress\/plugins\/seo\/ -->\n<title>Pesquisa de produtos - Garantia de qualidade<\/title>\n<meta name=\"description\" content=\"Confira aqui os certificados Divercol, nomeadamente, a certifica\u00e7\u00e3o PME L\u00edder e os certificados de qualidade APCER e IQNet.\" \/>\n<meta name=\"robots\" content=\"index, follow, max-snippet:-1, max-image-preview:large, max-video-preview:-1\" \/>\n<link rel=\"canonical\" href=\"https:\/\/divercol.pt\/wp\/pesquisa-de-produtos\/\" \/>\n<meta property=\"og:locale\" content=\"pt_PT\" \/>\n<meta property=\"og:type\" content=\"article\" \/>\n<meta property=\"og:title\" content=\"Pesquisa de produtos - Garantia de qualidade\" \/>\n<meta property=\"og:description\" content=\"Confira aqui os certificados Divercol, nomeadamente, a certifica\u00e7\u00e3o PME L\u00edder e os certificados de qualidade APCER e IQNet.\" \/>\n<meta property=\"og:url\" content=\"https:\/\/divercol.pt\/wp\/pesquisa-de-produtos\/\" \/>\n<meta property=\"og:site_name\" content=\"Divercol\" \/>\n<meta property=\"article:publisher\" content=\"https:\/\/www.facebook.com\/divercol\" \/>\n<meta property=\"article:modified_time\" content=\"2025-08-22T10:01:10+00:00\" \/>\n<meta property=\"og:image\" content=\"https:\/\/divercol.pt\/wp\/wp-content\/uploads\/2021\/08\/Logo-DIVERCOL.png\" \/>\n\t<meta property=\"og:image:width\" content=\"200\" \/>\n\t<meta property=\"og:image:height\" content=\"200\" \/>\n\t<meta property=\"og:image:type\" content=\"image\/png\" \/>\n<meta name=\"twitter:card\" content=\"summary_large_image\" \/>\n<meta name=\"twitter:label1\" content=\"Tempo estimado de leitura\" \/>\n\t<meta name=\"twitter:data1\" content=\"1 minuto\" \/>\n<script type=\"application\/ld+json\" class=\"yoast-schema-graph\">{\"@context\":\"https:\/\/schema.org\",\"@graph\":[{\"@type\":\"WebPage\",\"@id\":\"https:\/\/divercol.pt\/wp\/pesquisa-de-produtos\/\",\"url\":\"https:\/\/divercol.pt\/wp\/pesquisa-de-produtos\/\",\"name\":\"Pesquisa de produtos - Garantia de qualidade\",\"isPartOf\":{\"@id\":\"https:\/\/divercol.pt\/wp\/#website\"},\"datePublished\":\"2025-08-20T11:16:01+00:00\",\"dateModified\":\"2025-08-22T10:01:10+00:00\",\"description\":\"Confira aqui os certificados Divercol, nomeadamente, a certifica\u00e7\u00e3o PME L\u00edder e os certificados de qualidade APCER e IQNet.\",\"breadcrumb\":{\"@id\":\"https:\/\/divercol.pt\/wp\/pesquisa-de-produtos\/#breadcrumb\"},\"inLanguage\":\"pt-PT\",\"potentialAction\":[{\"@type\":\"ReadAction\",\"target\":[\"https:\/\/divercol.pt\/wp\/pesquisa-de-produtos\/\"]}]},{\"@type\":\"BreadcrumbList\",\"@id\":\"https:\/\/divercol.pt\/wp\/pesquisa-de-produtos\/#breadcrumb\",\"itemListElement\":[{\"@type\":\"ListItem\",\"position\":1,\"name\":\"In\u00edcio\",\"item\":\"https:\/\/divercol.pt\/wp\/\"},{\"@type\":\"ListItem\",\"position\":2,\"name\":\"Pesquisa de produtos\"}]},{\"@type\":\"WebSite\",\"@id\":\"https:\/\/divercol.pt\/wp\/#website\",\"url\":\"https:\/\/divercol.pt\/wp\/\",\"name\":\"Tintas\",\"description\":\"Tintas e Vernizes\",\"publisher\":{\"@id\":\"https:\/\/divercol.pt\/wp\/#organization\"},\"potentialAction\":[{\"@type\":\"SearchAction\",\"target\":{\"@type\":\"EntryPoint\",\"urlTemplate\":\"https:\/\/divercol.pt\/wp\/?s={search_term_string}\"},\"query-input\":\"required name=search_term_string\"}],\"inLanguage\":\"pt-PT\"},{\"@type\":\"Organization\",\"@id\":\"https:\/\/divercol.pt\/wp\/#organization\",\"name\":\"Divercol\",\"url\":\"https:\/\/divercol.pt\/wp\/\",\"logo\":{\"@type\":\"ImageObject\",\"inLanguage\":\"pt-PT\",\"@id\":\"https:\/\/divercol.pt\/wp\/#\/schema\/logo\/image\/\",\"url\":\"https:\/\/divercol.pt\/wp\/wp-content\/uploads\/2021\/07\/logo_divercol_site-e1627577593720.png\",\"contentUrl\":\"https:\/\/divercol.pt\/wp\/wp-content\/uploads\/2021\/07\/logo_divercol_site-e1627577593720.png\",\"width\":300,\"height\":73,\"caption\":\"Divercol\"},\"image\":{\"@id\":\"https:\/\/divercol.pt\/wp\/#\/schema\/logo\/image\/\"},\"sameAs\":[\"https:\/\/www.facebook.com\/divercol\",\"https:\/\/www.youtube.com\/user\/DivercolTintas\"]}]}<\/script>\n<!-- \/ Yoast SEO plugin. -->","yoast_head_json":{"title":"Pesquisa de produtos - Garantia de qualidade","description":"Confira aqui os certificados Divercol, nomeadamente, a certifica\u00e7\u00e3o PME L\u00edder e os certificados de qualidade APCER e IQNet.","robots":{"index":"index","follow":"follow","max-snippet":"max-snippet:-1","max-image-preview":"max-image-preview:large","max-video-preview":"max-video-preview:-1"},"canonical":"https:\/\/divercol.pt\/wp\/pesquisa-de-produtos\/","og_locale":"pt_PT","og_type":"article","og_title":"Pesquisa de produtos - Garantia de qualidade","og_description":"Confira aqui os certificados Divercol, nomeadamente, a certifica\u00e7\u00e3o PME L\u00edder e os certificados de qualidade APCER e IQNet.","og_url":"https:\/\/divercol.pt\/wp\/pesquisa-de-produtos\/","og_site_name":"Divercol","article_publisher":"https:\/\/www.facebook.com\/divercol","article_modified_time":"2025-08-22T10:01:10+00:00","og_image":[{"width":200,"height":200,"url":"https:\/\/divercol.pt\/wp\/wp-content\/uploads\/2021\/08\/Logo-DIVERCOL.png","type":"image\/png"}],"twitter_card":"summary_large_image","twitter_misc":{"Tempo estimado de leitura":"1 minuto"},"schema":{"@context":"https:\/\/schema.org","@graph":[{"@type":"WebPage","@id":"https:\/\/divercol.pt\/wp\/pesquisa-de-produtos\/","url":"https:\/\/divercol.pt\/wp\/pesquisa-de-produtos\/","name":"Pesquisa de produtos - Garantia de qualidade","isPartOf":{"@id":"https:\/\/divercol.pt\/wp\/#website"},"datePublished":"2025-08-20T11:16:01+00:00","dateModified":"2025-08-22T10:01:10+00:00","description":"Confira aqui os certificados Divercol, nomeadamente, a certifica\u00e7\u00e3o PME L\u00edder e os certificados de qualidade APCER e IQNet.","breadcrumb":{"@id":"https:\/\/divercol.pt\/wp\/pesquisa-de-produtos\/#breadcrumb"},"inLanguage":"pt-PT","potentialAction":[{"@type":"ReadAction","target":["https:\/\/divercol.pt\/wp\/pesquisa-de-produtos\/"]}]},{"@type":"BreadcrumbList","@id":"https:\/\/divercol.pt\/wp\/pesquisa-de-produtos\/#breadcrumb","itemListElement":[{"@type":"ListItem","position":1,"name":"In\u00edcio","item":"https:\/\/divercol.pt\/wp\/"},{"@type":"ListItem","position":2,"name":"Pesquisa de produtos"}]},{"@type":"WebSite","@id":"https:\/\/divercol.pt\/wp\/#website","url":"https:\/\/divercol.pt\/wp\/","name":"Tintas","description":"Tintas e Vernizes","publisher":{"@id":"https:\/\/divercol.pt\/wp\/#organization"},"potentialAction":[{"@type":"SearchAction","target":{"@type":"EntryPoint","urlTemplate":"https:\/\/divercol.pt\/wp\/?s={search_term_string}"},"query-input":"required name=search_term_string"}],"inLanguage":"pt-PT"},{"@type":"Organization","@id":"https:\/\/divercol.pt\/wp\/#organization","name":"Divercol","url":"https:\/\/divercol.pt\/wp\/","logo":{"@type":"ImageObject","inLanguage":"pt-PT","@id":"https:\/\/divercol.pt\/wp\/#\/schema\/logo\/image\/","url":"https:\/\/divercol.pt\/wp\/wp-content\/uploads\/2021\/07\/logo_divercol_site-e1627577593720.png","contentUrl":"https:\/\/divercol.pt\/wp\/wp-content\/uploads\/2021\/07\/logo_divercol_site-e1627577593720.png","width":300,"height":73,"caption":"Divercol"},"image":{"@id":"https:\/\/divercol.pt\/wp\/#\/schema\/logo\/image\/"},"sameAs":["https:\/\/www.facebook.com\/divercol","https:\/\/www.youtube.com\/user\/DivercolTintas"]}]}},"_links":{"self":[{"href":"https:\/\/divercol.pt\/wp\/wp-json\/wp\/v2\/pages\/7344","targetHints":{"allow":["GET"]}}],"collection":[{"href":"https:\/\/divercol.pt\/wp\/wp-json\/wp\/v2\/pages"}],"about":[{"href":"https:\/\/divercol.pt\/wp\/wp-json\/wp\/v2\/types\/page"}],"author":[{"embeddable":true,"href":"https:\/\/divercol.pt\/wp\/wp-json\/wp\/v2\/users\/1"}],"replies":[{"embeddable":true,"href":"https:\/\/divercol.pt\/wp\/wp-json\/wp\/v2\/comments?post=7344"}],"version-history":[{"count":28,"href":"https:\/\/divercol.pt\/wp\/wp-json\/wp\/v2\/pages\/7344\/revisions"}],"predecessor-version":[{"id":7488,"href":"https:\/\/divercol.pt\/wp\/wp-json\/wp\/v2\/pages\/7344\/revisions\/7488"}],"wp:attachment":[{"href":"https:\/\/divercol.pt\/wp\/wp-json\/wp\/v2\/media?parent=7344"}],"curies":[{"name":"wp","href":"https:\/\/api.w.org\/{rel}","templated":true}]}}